{"id":20,"date":"2020-12-25T14:59:34","date_gmt":"2020-12-25T14:59:34","guid":{"rendered":"http:\/\/sw-themes.com\/porto_dummy\/?page_id=20"},"modified":"2022-06-06T22:49:56","modified_gmt":"2022-06-06T22:49:56","slug":"inicio","status":"publish","type":"page","link":"https:\/\/www.coeltec.com.ec\/iluminacion\/","title":{"rendered":"Inicio"},"content":{"rendered":"<div class=\"wpb-content-wrapper\"><p>[vc_row][vc_column]\n\t\t\t<!-- START Slider YouTube REVOLUTION SLIDER 6.7.18 --><p class=\"rs-p-wp-fix\"><\/p>\n\t\t\t<rs-module-wrap id=\"rev_slider_3_1_wrapper\" data-source=\"gallery\" style=\"visibility:hidden;background:transparent;padding:0;margin:0px auto;margin-top:0;margin-bottom:0;\">\n\t\t\t\t<rs-module id=\"rev_slider_3_1\" style=\"\" data-version=\"6.7.18\">\n\t\t\t\t\t<rs-slides style=\"overflow: hidden; position: absolute;\">\n\t\t\t\t\t\t<rs-slide style=\"position: absolute;\" data-key=\"rs-6\" data-title=\"Slide\" data-thumb=\"\/\/www.coeltec.com.ec\/iluminacion\/wp-content\/uploads\/sites\/2\/revslider\/video-media\/DJI_0136_1-50x100.jpeg\" data-anim=\"adpr:false;\" data-in=\"o:0;\" data-out=\"a:false;\">\n\t\t\t\t\t\t\t<img fetchpriority=\"high\" decoding=\"async\" src=\"\/\/www.coeltec.com.ec\/iluminacion\/wp-content\/plugins\/revslider\/sr6\/assets\/assets\/dummy.png\" alt=\"\" title=\"DJI_0136_1.jpeg\" width=\"1920\" height=\"1080\" class=\"rev-slidebg tp-rs-img rs-lazyload\" data-lazyload=\"\/\/www.coeltec.com.ec\/iluminacion\/wp-content\/uploads\/sites\/2\/revslider\/video-media\/DJI_0136_1.jpeg\" data-no-retina>\n\t\t\t\t\t\t\t<rs-bgvideo \n\t\t\t\t\t\t\t\tdata-video=\"vc:none;w:100%;h:100%;sta:00:00:01;end:00:00:99;nse:false;sat:true;l:true;ptimer:false;\"\n\t\t\t\t\t\t\t\tdata-ytid=\"Xvn-0Kq3dys\"\n\t\t\t\t\t\t\t\tdata-vatr=\"version=3&amp;enablejsapi=1&amp;html5=1&amp;hd=1&amp;wmode=opaque&amp;showinfo=0&amp;rel=0&amp;origin=https:\/\/www.coeltec.com.ec;\"\n\t\t\t\t\t\t\t><\/rs-bgvideo>\n<!---->\t\t\t\t\t<\/rs-slide>\n\t\t\t\t\t\t<rs-slide style=\"position: absolute;\" data-key=\"rs-7\" data-title=\"Slide\" data-thumb=\"\/\/www.coeltec.com.ec\/iluminacion\/wp-content\/uploads\/sites\/2\/revslider\/video-media\/DJI_0067_21-50x100.jpeg\" data-anim=\"adpr:false;\" data-in=\"o:0;\" data-out=\"a:false;\">\n\t\t\t\t\t\t\t<img decoding=\"async\" src=\"\/\/www.coeltec.com.ec\/iluminacion\/wp-content\/plugins\/revslider\/sr6\/assets\/assets\/dummy.png\" alt=\"\" title=\"DJI_0067_21.jpeg\" width=\"1920\" height=\"1080\" class=\"rev-slidebg tp-rs-img rs-lazyload\" data-lazyload=\"\/\/www.coeltec.com.ec\/iluminacion\/wp-content\/uploads\/sites\/2\/revslider\/video-media\/DJI_0067_21.jpeg\" data-no-retina>\n\t\t\t\t\t\t\t<rs-bgvideo \n\t\t\t\t\t\t\t\tdata-video=\"vc:none;w:100%;h:100%;sta:00:00:01;end:00:01:99;nse:false;sat:true;l:true;ptimer:false;\"\n\t\t\t\t\t\t\t\tdata-ytid=\"dG3cmzATniQ\"\n\t\t\t\t\t\t\t\tdata-vatr=\"version=3&amp;enablejsapi=1&amp;html5=1&amp;hd=1&amp;wmode=opaque&amp;showinfo=0&amp;rel=0&amp;origin=https:\/\/www.coeltec.com.ec;\"\n\t\t\t\t\t\t\t><\/rs-bgvideo>\n<!---->\t\t\t\t\t<\/rs-slide>\n\t\t\t\t\t\t<rs-slide style=\"position: absolute;\" data-key=\"rs-8\" data-title=\"Slide\" data-thumb=\"\/\/img.youtube.com\/vi\/P9cz70b3LhI\/sddefault.jpg\" data-anim=\"adpr:false;\" data-in=\"o:0;\" data-out=\"a:false;\">\n\t\t\t\t\t\t\t<img decoding=\"async\" src=\"\/\/www.coeltec.com.ec\/iluminacion\/wp-content\/plugins\/revslider\/sr6\/assets\/assets\/dummy.png\" alt=\"\" title=\"DJI_0061_3.jpeg\" width=\"1920\" height=\"1080\" class=\"rev-slidebg tp-rs-img rs-lazyload\" data-lazyload=\"\/\/img.youtube.com\/vi\/P9cz70b3LhI\/sddefault.jpg\" data-no-retina>\n\t\t\t\t\t\t\t<rs-bgvideo \n\t\t\t\t\t\t\t\tdata-video=\"vc:none;w:100%;h:100%;sta:00:00:01;end:00:00:99;nse:false;sat:true;l:true;ptimer:false;\"\n\t\t\t\t\t\t\t\tdata-ytid=\"LOGbtVKyQ8w\"\n\t\t\t\t\t\t\t\tdata-vatr=\"version=3&amp;enablejsapi=1&amp;html5=1&amp;hd=1&amp;wmode=opaque&amp;showinfo=0&amp;rel=0&amp;origin=https:\/\/www.coeltec.com.ec;\"\n\t\t\t\t\t\t\t><\/rs-bgvideo>\n<!---->\t\t\t\t\t<\/rs-slide>\n\t\t\t\t\t<\/rs-slides>\n\t\t\t\t<\/rs-module>\n\t\t\t\t<script>\n\t\t\t\t\tsetREVStartSize({c: 'rev_slider_3_1',rl:[1240,1024,778,480],el:[600],gw:[1240],gh:[600],type:'standard',justify:'',layout:'fullwidth',mh:\"0\"});if (window.RS_MODULES!==undefined && window.RS_MODULES.modules!==undefined && window.RS_MODULES.modules[\"revslider31\"]!==undefined) {window.RS_MODULES.modules[\"revslider31\"].once = false;window.revapi3 = undefined;if (window.RS_MODULES.checkMinimal!==undefined) window.RS_MODULES.checkMinimal()}\n\t\t\t\t<\/script>\n\t\t\t\t<script src=\"https:\/\/www.youtube.com\/iframe_api\"><\/script>\n\t\t\t<\/rs-module-wrap>\n\t\t\t<!-- END REVOLUTION SLIDER -->\n[\/vc_column][\/vc_row][vc_row disable_element=\u00bbyes\u00bb no_padding=\u00bbyes\u00bb el_class=\u00bboverflow-hidden\u00bb][vc_column]<div class=\"porto-ultimate-content-box-container custom-section-background kenBurnsToRight\"><style>#porto_ucb_6587{will-change: box-shadow;box-shadow: none;}<\/style><div class=\"porto-ultimate-content-box\" style=\"background-image:url(&#039;https:\/\/www.coeltec.com.ec\/iluminacion\/wp-content\/uploads\/sites\/2\/2021\/07\/riocentro-2-00-slide.jpg&#039;);background-size: cover;background-repeat: no-repeat;background-position: center center;background-color: rgba(0, 0, 0, 0);\" id=\"porto_ucb_6587\"><\/div><\/div>[vc_row_inner wrap_container=\u00bbyes\u00bb el_class=\u00bbcustom-bg-white position-relative py-sm-5 my-5&#8243;][vc_column_inner][vc_raw_html el_class=\u00bbmb-0&#8243;]JTNDc3ZnJTIwY2xhc3MlM0QlMjJjdXN0b20tc3ZnLTElMjBkLW5vbmUlMjBkLXNtLWJsb2NrJTIyJTIwdmVyc2lvbiUzRCUyMjEuMSUyMiUyMHhtbG5zJTNEJTIyaHR0cCUzQSUyRiUyRnd3dy53My5vcmclMkYyMDAwJTJGc3ZnJTIyJTIweG1sbnMlM0F4bGluayUzRCUyMmh0dHAlM0ElMkYlMkZ3d3cudzMub3JnJTJGMTk5OSUyRnhsaW5rJTIyJTIweCUzRCUyMjBweCUyMiUyMHklM0QlMjIwcHglMjIlMjB2aWV3Qm94JTNEJTIyMCUyMDAlMjA2NDklMjA1NzglMjIlM0UlMEElMDklMDklMDklMDklMDklMDklMDklM0NwYXRoJTIwZmlsbCUzRCUyMiUyM0ZGRiUyMiUyMGQlM0QlMjJNLTIyNS41JTJDMTU0LjdsMzU4LjQ1JTJDNDU2Ljk2YzcuNzElMkM5LjgzJTJDMjEuOTIlMkMxMS41NCUyQzMxLjc1JTJDMy44NGw0NTYuOTYtMzU4LjQ1YzkuODMtNy43MSUyQzExLjU0LTIxLjkyJTJDMy44NC0zMS43NSUwQSUwOSUwOSUwOSUwOSUwOSUwOSUwOSUwOUwyNjcuMDUtMjMxLjY2Yy03LjcxLTkuODMtMjEuOTItMTEuNTQtMzEuNzUtMy44NGwtNDU2Ljk2JTJDMzU4LjQ1Qy0yMzEuNDklMkMxMzAuNjYtMjMzLjIlMkMxNDQuODctMjI1LjUlMkMxNTQuN3olMjIlM0UlM0MlMkZwYXRoJTNFJTBBJTA5JTA5JTA5JTA5JTA5JTA5JTA5JTNDcGF0aCUyMGNsYXNzJTNEJTIyYW5pbWF0ZWQlMjBjdXN0b21MaW5lQW5pbSUyMiUyMGZpbGwlM0QlMjJub25lJTIyJTIwc3Ryb2tlJTNEJTIyJTIzMUM1RkE4JTIyJTIwc3Ryb2tlLXdpZHRoJTNEJTIyMS41JTIyJTIwc3Ryb2tlLW1pdGVybGltaXQlM0QlMjIxMCUyMiUyMGQlM0QlMjJNNDE2LTIxbDIwMi4yNyUyQzI5Mi45MWM1LjQyJTJDNy44NSUyQzMuNjMlMkMxOC41OS00LjA1JTJDMjQuMjVMMTk4JTJDNjAzJTIyJTIwc3R5bGUlM0QlMjJhbmltYXRpb24tZGVsYXklM0ElMjAzMDBtcyUzQiUyMGFuaW1hdGlvbi1kdXJhdGlvbiUzQSUyMDVzJTNCJTIyJTNFJTNDJTJGcGF0aCUzRSUwQSUwOSUwOSUwOSUwOSUwOSUwOSUzQyUyRnN2ZyUzRQ==[\/vc_raw_html][\/vc_column_inner][vc_column_inner el_class=\u00bbmb-5 z-index-1&#8243; width=\u00bb2\/3&#8243; offset=\u00bbvc_col-lg-5 vc_col-md-6&#8243;][vc_custom_heading text=\u00bbRIO CENTRO CEIBOS 2&#8243; font_container=\u00bbtag:h4|font_size:1.35em|text_align:left|color:%23969696|line_height:1.7&#8243; use_theme_fonts=\u00bbyes\u00bb font_weight=\u00bb700&#8243; letter_spacing=\u00bb-0.945px\u00bb animation_delay=\u00bb800&#8243; animation_type=\u00bbfadeInUp\u00bb el_class=\u00bbmb-1&#8243;][vc_custom_heading text=\u00bbCentro comercial de corporaci\u00f3n el rosado, se caracteriza por la variedad de locales y servicios.\u00bb font_container=\u00bbtag:h2|font_size:2.2em|text_align:left|color:%23535dc1|line_height:44px\u00bb use_theme_fonts=\u00bbyes\u00bb letter_spacing=\u00bb-1.61px\u00bb animation_delay=\u00bb1100&#8243; el_class=\u00bbmb-4 pb-2&#8243; animation_type=\u00bbfadeInUp\u00bb][vc_btn title=\u00bbVER M\u00c1S\u00bb shape=\u00bbrounded\u00bb i_align=\u00bbright\u00bb i_icon_fontawesome=\u00bbfas fa-long-arrow-alt-right\u00bb skin=\u00bbprimary\u00bb btn_fs=\u00bb1em\u00bb btn_fw=\u00bb700&#8243; btn_ls=\u00bb0&#8243; animation_delay=\u00bb1300&#8243; add_icon=\u00bbtrue\u00bb animation_type=\u00bbfadeInUp\u00bb btn_px=\u00bb3rem\u00bb btn_py=\u00bb1.3132rem\u00bb el_class=\u00bbcustom-btn-arrow mb-0&#8243;][\/vc_column_inner][\/vc_row_inner][\/vc_column][\/vc_row][vc_row content_placement=\u00bbmiddle\u00bb wrap_container=\u00bbyes\u00bb el_class=\u00bbmy-5 pt-md-4 pt-xl-0&#8243;][vc_column el_class=\u00bbpb-sm-4 pb-lg-0 mb-5 mb-lg-0&#8243; offset=\u00bbvc_col-md-6&#8243;][vc_column_text el_class=\u00bbmb-0&#8243;]<\/p>\n<h2><strong><span style=\"vertical-align: inherit;\"><span style=\"vertical-align: inherit;\"><span style=\"color: #535dc1;\"><span style=\"vertical-align: inherit;\"><span style=\"vertical-align: inherit;\">COELTEC<\/span><\/span> <\/span><span style=\"color: #bc9017;\"><span style=\"vertical-align: inherit;\"><span style=\"vertical-align: inherit;\">ILUMINACI\u00d3N<\/span><\/span><\/span><\/span><\/span><\/strong><\/h2>\n<p>[\/vc_column_text][vc_separator color=\u00bbcustom\u00bb align=\u00bbalign_left\u00bb border_width=\u00bb4&#8243; css_animation=\u00bbleft-to-right\u00bb style=\u00bbsolid\u00bb el_class=\u00bbcustom-separator customLineProgressAnim my-3&#8243; accent_color=\u00bb#1c5fa8&#8243;][vc_custom_heading text=\u00bbGracias por preferirnos y la mejor forma de demostrar nuestra gratitud es presentarles luminarias de alta eficiencia con certificaci\u00f3n UL, producci\u00f3n USA y EU. Por qu\u00e9 sabemos que nuestros clientes tienen altos est\u00e1ndares de producci\u00f3n, certificaciones medio ambientales y el mejor ambiente laboral.\u00bb font_container=\u00bbtag:p|font_size:15.4px|text_align:left|line_height:26px\u00bb use_theme_fonts=\u00bbyes\u00bb font_weight=\u00bb300&#8243; letter_spacing=\u00bb0&#8243; animation_delay=\u00bb450&#8243; el_class=\u00bbmb-4&#8243; animation_type=\u00bbfadeInUp\u00bb]<div class=\"porto-ultimate-content-box-container custom-view-more\" data-appear-animation=\"fadeInLeft\" data-appear-animation-delay=\"950\"><style>#porto_ucb_9351{will-change: box-shadow;box-shadow: none;}<\/style><div class=\"porto-ultimate-content-box\" style=\"\" id=\"porto_ucb_9351\"><\/div><\/div>[\/vc_column][vc_column width=\u00bb3\/4&#8243; animation_delay=\u00bb1450&#8243; el_class=\u00bbpl-lg-5 pr-5 custom-auto-img\u00bb offset=\u00bbvc_col-md-6 vc_col-xs-10&#8243; animation_type=\u00bbfadeInLeft\u00bb][vc_single_image image=\u00bb4052&#8243; img_size=\u00bbfull\u00bb floating_start_pos=\u00bbtop\u00bb floating_speed=\u00bb9.8&#8243; floating_duration=\u00bb1000&#8243; el_class=\u00bbmb-0&#8243;]<div class=\"porto-ultimate-content-box-container auto-1 transform3dxy-n50\"><style>#porto_ucb_8112{will-change: box-shadow;box-shadow: none;}<\/style><div class=\"porto-ultimate-content-box\" style=\"\" id=\"porto_ucb_8112\">[vc_single_image image=\u00bb4048&#8243; floating_start_pos=\u00bbtop\u00bb floating_speed=\u00bb0.5&#8243; el_class=\u00bbmb-0&#8243; floating_duration=\u00bb2000&#8243;]<\/div><\/div><div class=\"porto-ultimate-content-box-container auto-2 transform3dxy-n50\"><style>#porto_ucb_1593{will-change: box-shadow;box-shadow: none;}<\/style><div class=\"porto-ultimate-content-box\" style=\"\" id=\"porto_ucb_1593\">[vc_single_image image=\u00bb4049&#8243; floating_start_pos=\u00bbtop\u00bb floating_speed=\u00bb2.5&#8243; el_class=\u00bbmb-0&#8243; floating_duration=\u00bb1500&#8243;]<\/div><\/div><div class=\"porto-ultimate-content-box-container auto-3 transform3dxy-n50\"><style>#porto_ucb_4236{will-change: box-shadow;box-shadow: none;}<\/style><div class=\"porto-ultimate-content-box\" style=\"\" id=\"porto_ucb_4236\">[vc_single_image image=\u00bb4050&#8243; floating_start_pos=\u00bbtop\u00bb floating_speed=\u00bb2&#8243; el_class=\u00bbmb-0&#8243; floating_duration=\u00bb2500&#8243;]<\/div><\/div>[\/vc_column][\/vc_row][vc_row wrap_container=\u00bbyes\u00bb el_class=\u00bbpy-5 my-5&#8243; css=\u00bb.vc_custom_1622761359845{background-color: #f4f4f4 !important;}\u00bb][vc_column][vc_row_inner][vc_column_inner el_class=\u00bbmx-auto\u00bb offset=\u00bbvc_col-lg-8 vc_col-md-9&#8243;][vc_column_text el_class=\u00bbmb-0&#8243;]<\/p>\n<h2 style=\"text-align: center;\"><span style=\"color: #535dc1;\"><strong><span style=\"vertical-align: inherit;\"><span style=\"vertical-align: inherit;\"><span style=\"vertical-align: inherit;\"><span style=\"vertical-align: inherit;\">PRODUCTOS<\/span><\/span>\u00a0<\/span><\/span><\/strong><\/span><\/h2>\n<p>[\/vc_column_text][vc_separator color=\u00bbcustom\u00bb align=\u00bbalign_left\u00bb border_width=\u00bb4&#8243; css_animation=\u00bbleft-to-right\u00bb style=\u00bbsolid\u00bb el_class=\u00bbcustom-separator customLineProgressAnim my-3 text-center\u00bb accent_color=\u00bb#bc9017&#8243;][\/vc_column_inner][\/vc_row_inner][vc_row_inner gap=\u00bb20&#8243; el_class=\u00bbcustom-service-gallery m-b-sm pb-2&#8243;][vc_column_inner width=\u00bb1\/2&#8243; offset=\u00bbvc_col-md-3 vc_col-xs-6&#8243;]<div class=\"porto-sicon-box  wpb_custom_1efe903570d178ff0a9b7bfa5febd3a4 style_2 top-icon\"><div class=\"porto-sicon-top\"><div id=\"porto-icon-84072910769f65f4ca2faf\" class=\"porto-just-icon-wrapper porto-sicon-img\" style=\"font-size: 267.5px;margin-bottom:6px;\"><img loading=\"lazy\" decoding=\"async\" class=\"img-icon\" alt=\"\" src=\"https:\/\/www.coeltec.com.ec\/iluminacion\/wp-content\/uploads\/sites\/2\/2021\/08\/Coeltec-Arquitectonico-ecuador.jpg\" width=\"300\" height=\"200\" \/><\/div><\/div><div class=\"porto-sicon-header\"><h3 class=\"porto-sicon-title\" style=\"font-weight:700;font-size:21px;line-height:24px;letter-spacing:-1.05px;color:#212529;\">Iluminaci\u00f3n Comercial Arquitect\u00f3nica<\/h3><\/div> <!-- header --><\/div><!-- porto-sicon-box -->[\/vc_column_inner][vc_column_inner width=\u00bb1\/2&#8243; offset=\u00bbvc_col-md-3 vc_col-xs-6&#8243;]<div class=\"porto-sicon-box  wpb_custom_1efe903570d178ff0a9b7bfa5febd3a4 style_2 top-icon\"><div class=\"porto-sicon-top\"><div id=\"porto-icon-84307529269f65f4ca3317\" class=\"porto-just-icon-wrapper porto-sicon-img\" style=\"font-size: 267.5px;margin-bottom:6px;\"><img loading=\"lazy\" decoding=\"async\" class=\"img-icon\" alt=\"\" src=\"https:\/\/www.coeltec.com.ec\/iluminacion\/wp-content\/uploads\/sites\/2\/2021\/08\/Coeltec-Residencial-ecuador.jpg\" width=\"300\" height=\"200\" \/><\/div><\/div><div class=\"porto-sicon-header\"><h3 class=\"porto-sicon-title\" style=\"font-weight:700;font-size:21px;line-height:24px;letter-spacing:-1.05px;color:#212529;\">Iluminaci\u00f3n Contractor Selectivo<\/h3><\/div> <!-- header --><\/div><!-- porto-sicon-box -->[\/vc_column_inner][vc_column_inner width=\u00bb1\/2&#8243; offset=\u00bbvc_col-md-3 vc_col-xs-6&#8243;]<div class=\"porto-sicon-box  wpb_custom_1efe903570d178ff0a9b7bfa5febd3a4 style_2 top-icon\"><div class=\"porto-sicon-top\"><div id=\"porto-icon-72827498069f65f4ca3554\" class=\"porto-just-icon-wrapper porto-sicon-img\" style=\"font-size: 267.5px;margin-bottom:6px;\"><img loading=\"lazy\" decoding=\"async\" class=\"img-icon\" alt=\"\" src=\"https:\/\/www.coeltec.com.ec\/iluminacion\/wp-content\/uploads\/sites\/2\/2021\/08\/Coeltec-Exterior-ecuador.jpg\" width=\"300\" height=\"200\" \/><\/div><\/div><div class=\"porto-sicon-header\"><h3 class=\"porto-sicon-title\" style=\"font-weight:700;font-size:21px;line-height:24px;letter-spacing:-1.05px;color:#212529;\">Iluminaci\u00f3n Exterior<\/h3><\/div> <!-- header --><\/div><!-- porto-sicon-box -->[\/vc_column_inner][vc_column_inner width=\u00bb1\/2&#8243; offset=\u00bbvc_col-md-3 vc_col-xs-6&#8243;]<div class=\"porto-sicon-box  wpb_custom_1efe903570d178ff0a9b7bfa5febd3a4 style_2 top-icon\"><div class=\"porto-sicon-top\"><div id=\"porto-icon-138177776669f65f4ca37ea\" class=\"porto-just-icon-wrapper porto-sicon-img\" style=\"font-size: 267.5px;margin-bottom:6px;\"><img loading=\"lazy\" decoding=\"async\" class=\"img-icon\" alt=\"\" src=\"https:\/\/www.coeltec.com.ec\/iluminacion\/wp-content\/uploads\/sites\/2\/2021\/08\/Coeltec-Industrial-ecuador.jpg\" width=\"300\" height=\"200\" \/><\/div><\/div><div class=\"porto-sicon-header\"><h3 class=\"porto-sicon-title\" style=\"font-weight:700;font-size:21px;line-height:24px;letter-spacing:-1.05px;color:#212529;\">Iluminaci\u00f3n Industrial<\/h3><\/div> <!-- header --><\/div><!-- porto-sicon-box -->[\/vc_column_inner][\/vc_row_inner][vc_btn title=\u00bbLEER M\u00c1S\u00bb shape=\u00bbrounded\u00bb align=\u00bbcenter\u00bb skin=\u00bbprimary\u00bb btn_fs=\u00bb14px\u00bb btn_fw=\u00bb700&#8243; btn_ls=\u00bb0&#8243; animation_delay=\u00bb\u00bb link=\u00bburl:https%3A%2F%2Fwww.coeltec.com.ec%2Filuminacion%2Fproyectos%2F|title:Proyectos\u00bb btn_px=\u00bb3rem\u00bb btn_py=\u00bb1.3132rem\u00bb el_class=\u00bbmb-sm-0 mr-sm-2&#8243;][\/vc_column][\/vc_row][vc_row content_placement=\u00bbmiddle\u00bb wrap_container=\u00bbyes\u00bb css=\u00bb.vc_custom_1626727571006{padding-top: 25px !important;padding-bottom: 80px !important;}\u00bb][vc_column width=\u00bb5\/6&#8243; el_class=\u00bbtext-center text-lg-left mb-4 mb-lg-0&#8243;][vc_custom_heading text=\u00bbNuestra experiencia, nuestra carta de presentaci\u00f3n\u00bb font_container=\u00bbtag:h3|font_size:15.4px|text_align:left|color:%23728bc4|line_height:1&#8243; use_theme_fonts=\u00bbyes\u00bb font_weight=\u00bb500&#8243; el_class=\u00bbls-0 mb-2 mb-lg-2 text-center text-lg-left\u00bb][vc_custom_heading text=\u00bbConozca nuestro portafolio de proyectos\u00bb font_container=\u00bbtag:h3|font_size:32.2px|text_align:left|color:%23535bc0|line_height:1&#8243; use_theme_fonts=\u00bbyes\u00bb font_weight=\u00bb700&#8243; letter_spacing=\u00bb-1.61px\u00bb el_class=\u00bbmb-1 text-center text-lg-left\u00bb][\/vc_column][vc_column width=\u00bb1\/6&#8243; el_class=\u00bbcustom-flex\u00bb][vc_btn title=\u00bbVER PORTAFOLIO\u00bb shape=\u00bbrounded\u00bb align=\u00bbleft\u00bb skin=\u00bbprimary\u00bb btn_fs=\u00bb0.8rem\u00bb btn_fw=\u00bb700&#8243; btn_ls=\u00bb0&#8243; el_cls=\u00bbbtn-borders\u00bb animation_delay=\u00bb1500&#8243; link=\u00bburl:https%3A%2F%2Fwww.coeltec.com.ec%2Filuminacion%2Fproyectos%2F|title:Proyectos\u00bb btn_px=\u00bb2.4rem\u00bb btn_py=\u00bb1.282rem\u00bb el_class=\u00bbmb-0&#8243;][\/vc_column][\/vc_row][vc_row wrap_container=\u00bbyes\u00bb css=\u00bb.vc_custom_1622762184109{padding-top: 70px !important;padding-bottom: 100px !important;background-color: #333333 !important;}\u00bb][vc_column width=\u00bb1\/3&#8243;]<div class=\"porto-sicon-box custom-view-more mb-3 mb-lg-0  wpb_custom_08257cd004bcb4e36e1133127e298c77 style_1 default-icon\"><div class=\"porto-sicon-default\"><div class=\"porto-just-icon-wrapper porto-icon none\" style=\"color:#ffffff;font-size:32px;margin-right:0px;\"><i class=\"Simple-Line-Icons-pointer\"><\/i><\/div><\/div><div class=\"porto-sicon-header\"><h5 class=\"porto-sicon-title\" style=\"font-weight:600;font-size:11.2px;line-height:13.44px;color:#ffffff;margin-bottom:4px;\">Direcci\u00f3n<\/h5><p style=\"color:#ffffff;\">Luis Urdaneta # 304 y Baquerizo Moreno<\/p><\/div> <!-- header --><\/div><!-- porto-sicon-box -->[\/vc_column][vc_column width=\u00bb1\/3&#8243;]<div class=\"porto-sicon-box custom-view-more mb-3 mb-lg-0  wpb_custom_08257cd004bcb4e36e1133127e298c77 style_1 default-icon\"><div class=\"porto-sicon-default\"><div class=\"porto-just-icon-wrapper porto-icon none\" style=\"color:#ffffff;font-size:28.8px;margin-right:0px;\"><i class=\"porto-icon-phone-1\"><\/i><\/div><\/div><div class=\"porto-sicon-header\"><h5 class=\"porto-sicon-title\" style=\"font-weight:600;font-size:11.2px;line-height:13.44px;color:#ffffff;margin-bottom:4px;\">Ll\u00e1menos<\/h5><p style=\"color:#ffffff;\">+593 96 912 1131<\/p><\/div> <!-- header --><\/div><!-- porto-sicon-box -->[\/vc_column][vc_column width=\u00bb1\/3&#8243;]<div class=\"porto-sicon-box custom-view-more mb-3 mb-lg-0  wpb_custom_08257cd004bcb4e36e1133127e298c77 style_1 default-icon\"><div class=\"porto-sicon-default\"><div class=\"porto-just-icon-wrapper porto-icon none\" style=\"color:#ffffff;font-size:28.8px;margin-right:0px;\"><i class=\"porto-icon-support\"><\/i><\/div><\/div><div class=\"porto-sicon-header\"><h5 class=\"porto-sicon-title\" style=\"font-weight:600;font-size:11.2px;line-height:13.44px;color:#ffffff;margin-bottom:4px;\">Escr\u00edbenos<\/h5><p style=\"color:#ffffff;\">iluminacion@coeltec.com.ec<\/p><\/div> <!-- header --><\/div><!-- porto-sicon-box -->[\/vc_column][\/vc_row]<\/p>\n<\/div>","protected":false},"excerpt":{"rendered":"<p>[vc_row][vc_column][\/vc_column][\/vc_row][vc_row disable_element=\u00bbyes\u00bb no_padding=\u00bbyes\u00bb el_class=\u00bboverflow-hidden\u00bb][vc_column][vc_row_inner wrap_container=\u00bbyes\u00bb el_class=\u00bbcustom-bg-white position-relative py-sm-5 my-5&#8243;][vc_column_inner][vc_raw_html el_class=\u00bbmb-0&#8243;]JTNDc3ZnJTIwY2xhc3MlM0QlMjJjdXN0b20tc3ZnLTElMjBkLW5vbmUlMjBkLXNtLWJsb2NrJTIyJTIwdmVyc2lvbiUzRCUyMjEuMSUyMiUyMHhtbG5zJTNEJTIyaHR0cCUzQSUyRiUyRnd3dy53My5vcmclMkYyMDAwJTJGc3ZnJTIyJTIweG1sbnMlM0F4bGluayUzRCUyMmh0dHAlM0ElMkYlMkZ3d3cudzMub3JnJTJGMTk5OSUyRnhsaW5rJTIyJTIweCUzRCUyMjBweCUyMiUyMHklM0QlMjIwcHglMjIlMjB2aWV3Qm94JTNEJTIyMCUyMDAlMjA2NDklMjA1NzglMjIlM0UlMEElMDklMDklMDklMDklMDklMDklMDklM0NwYXRoJTIwZmlsbCUzRCUyMiUyM0ZGRiUyMiUyMGQlM0QlMjJNLTIyNS41JTJDMTU0LjdsMzU4LjQ1JTJDNDU2Ljk2YzcuNzElMkM5LjgzJTJDMjEuOTIlMkMxMS41NCUyQzMxLjc1JTJDMy44NGw0NTYuOTYtMzU4LjQ1YzkuODMtNy43MSUyQzExLjU0LTIxLjkyJTJDMy44NC0zMS43NSUwQSUwOSUwOSUwOSUwOSUwOSUwOSUwOSUwOUwyNjcuMDUtMjMxLjY2Yy03LjcxLTkuODMtMjEuOTItMTEuNTQtMzEuNzUtMy44NGwtNDU2Ljk2JTJDMzU4LjQ1Qy0yMzEuNDklMkMxMzAuNjYtMjMzLjIlMkMxNDQuODctMjI1LjUlMkMxNTQuN3olMjIlM0UlM0MlMkZwYXRoJTNFJTBBJTA5JTA5JTA5JTA5JTA5JTA5JTA5JTNDcGF0aCUyMGNsYXNzJTNEJTIyYW5pbWF0ZWQlMjBjdXN0b21MaW5lQW5pbSUyMiUyMGZpbGwlM0QlMjJub25lJTIyJTIwc3Ryb2tlJTNEJTIyJTIzMUM1RkE4JTIyJTIwc3Ryb2tlLXdpZHRoJTNEJTIyMS41JTIyJTIwc3Ryb2tlLW1pdGVybGltaXQlM0QlMjIxMCUyMiUyMGQlM0QlMjJNNDE2LTIxbDIwMi4yNyUyQzI5Mi45MWM1LjQyJTJDNy44NSUyQzMuNjMlMkMxOC41OS00LjA1JTJDMjQuMjVMMTk4JTJDNjAzJTIyJTIwc3R5bGUlM0QlMjJhbmltYXRpb24tZGVsYXklM0ElMjAzMDBtcyUzQiUyMGFuaW1hdGlvbi1kdXJhdGlvbiUzQSUyMDVzJTNCJTIyJTNFJTNDJTJGcGF0aCUzRSUwQSUwOSUwOSUwOSUwOSUwOSUwOSUzQyUyRnN2ZyUzRQ==[\/vc_raw_html][\/vc_column_inner][vc_column_inner el_class=\u00bbmb-5 z-index-1&#8243; width=\u00bb2\/3&#8243; offset=\u00bbvc_col-lg-5 vc_col-md-6&#8243;][vc_custom_heading text=\u00bbRIO CENTRO CEIBOS 2&#8243; font_container=\u00bbtag:h4|font_size:1.35em|text_align:left|color:%23969696|line_height:1.7&#8243; use_theme_fonts=\u00bbyes\u00bb font_weight=\u00bb700&#8243; letter_spacing=\u00bb-0.945px\u00bb animation_delay=\u00bb800&#8243; animation_type=\u00bbfadeInUp\u00bb el_class=\u00bbmb-1&#8243;][vc_custom_heading text=\u00bbCentro comercial de corporaci\u00f3n el rosado, se caracteriza por la variedad de locales y servicios.\u00bb font_container=\u00bbtag:h2|font_size:2.2em|text_align:left|color:%23535dc1|line_height:44px\u00bb use_theme_fonts=\u00bbyes\u00bb letter_spacing=\u00bb-1.61px\u00bb animation_delay=\u00bb1100&#8243; el_class=\u00bbmb-4 pb-2&#8243; animation_type=\u00bbfadeInUp\u00bb][vc_btn title=\u00bbVER M\u00c1S\u00bb shape=\u00bbrounded\u00bb i_align=\u00bbright\u00bb i_icon_fontawesome=\u00bbfas fa-long-arrow-alt-right\u00bb skin=\u00bbprimary\u00bb [&hellip;]<\/p>\n","protected":false},"author":1,"featured_media":0,"parent":0,"menu_order":0,"comment_status":"closed","ping_status":"closed","template":"","meta":{"footnotes":""},"class_list":["post-20","page","type-page","status-publish","hentry"],"_links":{"self":[{"href":"https:\/\/www.coeltec.com.ec\/iluminacion\/wp-json\/wp\/v2\/pages\/20","targetHints":{"allow":["GET"]}}],"collection":[{"href":"https:\/\/www.coeltec.com.ec\/iluminacion\/wp-json\/wp\/v2\/pages"}],"about":[{"href":"https:\/\/www.coeltec.com.ec\/iluminacion\/wp-json\/wp\/v2\/types\/page"}],"author":[{"embeddable":true,"href":"https:\/\/www.coeltec.com.ec\/iluminacion\/wp-json\/wp\/v2\/users\/1"}],"replies":[{"embeddable":true,"href":"https:\/\/www.coeltec.com.ec\/iluminacion\/wp-json\/wp\/v2\/comments?post=20"}],"version-history":[{"count":31,"href":"https:\/\/www.coeltec.com.ec\/iluminacion\/wp-json\/wp\/v2\/pages\/20\/revisions"}],"predecessor-version":[{"id":4594,"href":"https:\/\/www.coeltec.com.ec\/iluminacion\/wp-json\/wp\/v2\/pages\/20\/revisions\/4594"}],"wp:attachment":[{"href":"https:\/\/www.coeltec.com.ec\/iluminacion\/wp-json\/wp\/v2\/media?parent=20"}],"curies":[{"name":"wp","href":"https:\/\/api.w.org\/{rel}","templated":true}]}}