{"id":4390,"date":"2021-07-14T16:18:44","date_gmt":"2021-07-14T16:18:44","guid":{"rendered":"https:\/\/viamatica.me\/clientes\/coeltec\/construccion\/?page_id=4390"},"modified":"2021-07-14T16:28:09","modified_gmt":"2021-07-14T16:28:09","slug":"fiscalizacion","status":"publish","type":"page","link":"https:\/\/www.coeltec.com.ec\/construccion\/fiscalizacion\/","title":{"rendered":"Fiscalizaci\u00f3n"},"content":{"rendered":"\t\t<div data-elementor-type=\"wp-page\" data-elementor-id=\"4390\" class=\"elementor elementor-4390\">\n\t\t\t\t\t\t<section class=\"elementor-section elementor-top-section elementor-element elementor-element-e039488 elementor-section-boxed elementor-section-height-default elementor-section-height-default\" data-id=\"e039488\" data-element_type=\"section\">\r\n\t\t\t\r\n\t\t\t\t\t\t\t\t\t<div class=\"elementor-container elementor-column-gap-default\">\r\n\t\t\t\t\t\t\t\t<div class=\"elementor-row\">\r\n\t\t\t\t\t\t\t<div class=\"elementor-column elementor-col-100 elementor-top-column elementor-element elementor-element-91e93a1\" data-id=\"91e93a1\" data-element_type=\"column\">\r\n\r\n\t\t\t\t\t<div class=\"elementor-column-wrap elementor-element-populated\">\r\n\t\t\t\t\t\t\t<div class=\"elementor-widget-wrap\">\r\n\t\t\t\t\t\t<div class=\"elementor-element elementor-element-72931c0 elementor-widget elementor-widget-porto_blog\" data-id=\"72931c0\" data-element_type=\"widget\" data-widget_type=\"porto_blog.default\">\n\t\t\t\t<div class=\"elementor-widget-container\">\n\t\t\t\t\t<div id=\"porto-blog-8587\" class=\"porto-blog wpb_content_element \">\t\t<div class=\"blog-posts posts-grid blog-posts-hover_info2\">\n\t\t\t<div class=\"posts-container row\">\n\t\t\n<article class=\"post post-grid col-md-6 col-lg-4 post-title-simple post-4405 post type-post status-publish format-standard has-post-thumbnail hentry category-fiscalizacion\">\n\n\n\t<div class=\"thumb-info thumb-info-no-borders thumb-info-bottom-info thumb-info-bottom-info-dark thumb-info-centered-icons\">\n\t\t<div class=\"thumb-info-wrapper\">\n\t\t\t<div class=\"post-image\">\n\t\t\t\t<img fetchpriority=\"high\" decoding=\"async\" width=\"400\" height=\"300\" src=\"https:\/\/www.coeltec.com.ec\/construccion\/wp-content\/uploads\/sites\/3\/2021\/07\/central-de-generacion-santa-elena-400x300.jpg\" alt=\"\" \/>\n\t\t\t<\/div>\n\t\t\t\t\t\t<div class=\"thumb-info-title\">\n\t\t\t\t\t\t\t\t\t\t\t<h3 class=\"thumb-info-inner\"><a href=\"https:\/\/www.coeltec.com.ec\/construccion\/2021\/07\/14\/fiscalizacion-piady\/\">Fiscalizaci\u00f3n PIADY<\/a><\/h3>\n\t\t\t\t<div class=\"thumb-info-show-more-content\">\n\t\t\t\t\t<p class=\"post-excerpt\">Parque Industrial Yaguachi. Fiscalizaci\u00f3n del sistema el\u00e9ctrico, en referencia a la sub estaci\u00f3n el\u00e9ctrica ETAPA y a la instalaci\u00f3n de aproximadamente 42km de tuber\u00eda de media tensi\u00f3n para los lotes \u00e1rea aproximada de 677.128,36 mts2. El periodo de ejecuci\u00f3n fue 2017-2021.Galer\u00eda de fotos<\/p>\t\t\t\t<\/div>\n\t\t\t\t\t\t<\/div>\n\t\t\t<span class=\"thumb-info-action\">\n\t\t\t\t<a href=\"https:\/\/www.coeltec.com.ec\/construccion\/2021\/07\/14\/fiscalizacion-piady\/\">\n\t\t\t\t\t<span class=\"thumb-info-action-icon thumb-info-action-icon-light\"><i class=\"fas fa-link text-dark\"><\/i><\/span>\n\t\t\t\t<\/a>\n\t\t\t<\/span>\n\t\t<\/div>\n\t<\/div>\n<\/article>\n\n<article class=\"post post-grid col-md-6 col-lg-4 post-title-simple post-4403 post type-post status-publish format-standard has-post-thumbnail hentry category-fiscalizacion\">\n\n\n\t<div class=\"thumb-info thumb-info-no-borders thumb-info-bottom-info thumb-info-bottom-info-dark thumb-info-centered-icons\">\n\t\t<div class=\"thumb-info-wrapper\">\n\t\t\t<div class=\"post-image\">\n\t\t\t\t<img decoding=\"async\" width=\"400\" height=\"300\" src=\"https:\/\/www.coeltec.com.ec\/construccion\/wp-content\/uploads\/sites\/3\/2021\/06\/Fiscalizacion-08-400x300.jpg\" alt=\"\" \/>\n\t\t\t<\/div>\n\t\t\t\t\t\t<div class=\"thumb-info-title\">\n\t\t\t\t\t\t\t\t\t\t\t<h3 class=\"thumb-info-inner\"><a href=\"https:\/\/www.coeltec.com.ec\/construccion\/2021\/07\/14\/fiscalizacion-puente-guayaquil-daule\/\">Fiscalizaci\u00f3n Puente Guayaquil Daule<\/a><\/h3>\n\t\t\t\t<div class=\"thumb-info-show-more-content\">\n\t\t\t\t\t<p class=\"post-excerpt\">Fiscalizaci\u00f3n del sistema el\u00e9ctrico. Aproximadamente 2Km de v\u00eda, la iluminaci\u00f3n utilizada es de la marca LITHONIA LIGHTING. El periodo de ejecuci\u00f3n fue 2019-2020.\nGaler\u00eda de fotos\n\n\n\n\n\n\n\n\nAnterior\nSiguiente<\/p>\t\t\t\t<\/div>\n\t\t\t\t\t\t<\/div>\n\t\t\t<span class=\"thumb-info-action\">\n\t\t\t\t<a href=\"https:\/\/www.coeltec.com.ec\/construccion\/2021\/07\/14\/fiscalizacion-puente-guayaquil-daule\/\">\n\t\t\t\t\t<span class=\"thumb-info-action-icon thumb-info-action-icon-light\"><i class=\"fas fa-link text-dark\"><\/i><\/span>\n\t\t\t\t<\/a>\n\t\t\t<\/span>\n\t\t<\/div>\n\t<\/div>\n<\/article>\n\n<article class=\"post post-grid col-md-6 col-lg-4 post-title-simple post-4394 post type-post status-publish format-standard has-post-thumbnail hentry category-fiscalizacion\">\n\n\n\t<div class=\"thumb-info thumb-info-no-borders thumb-info-bottom-info thumb-info-bottom-info-dark thumb-info-centered-icons\">\n\t\t<div class=\"thumb-info-wrapper\">\n\t\t\t<div class=\"post-image\">\n\t\t\t\t<img fetchpriority=\"high\" decoding=\"async\" width=\"400\" height=\"300\" src=\"https:\/\/www.coeltec.com.ec\/construccion\/wp-content\/uploads\/sites\/3\/2021\/07\/central-de-generacion-santa-elena-400x300.jpg\" alt=\"\" \/>\n\t\t\t<\/div>\n\t\t\t\t\t\t<div class=\"thumb-info-title\">\n\t\t\t\t\t\t\t\t\t\t\t<h3 class=\"thumb-info-inner\"><a href=\"https:\/\/www.coeltec.com.ec\/construccion\/2021\/07\/14\/fiscalizacion-puente-guayaquil-samborondon\/\">Fiscalizaci\u00f3n Puente Guayaquil Samborond\u00f3n<\/a><\/h3>\n\t\t\t\t<div class=\"thumb-info-show-more-content\">\n\t\t\t\t\t<p class=\"post-excerpt\">Fiscalizaci\u00f3n del sistema el\u00e9ctrico. Aproximadamente 2Km de via, la iluminaci\u00f3n utilizada es de la marca SHREDDER. El periodo de ejecuci\u00f3n fue 2016-2017.Galer\u00eda de fotos<\/p>\t\t\t\t<\/div>\n\t\t\t\t\t\t<\/div>\n\t\t\t<span class=\"thumb-info-action\">\n\t\t\t\t<a href=\"https:\/\/www.coeltec.com.ec\/construccion\/2021\/07\/14\/fiscalizacion-puente-guayaquil-samborondon\/\">\n\t\t\t\t\t<span class=\"thumb-info-action-icon thumb-info-action-icon-light\"><i class=\"fas fa-link text-dark\"><\/i><\/span>\n\t\t\t\t<\/a>\n\t\t\t<\/span>\n\t\t<\/div>\n\t<\/div>\n<\/article>\n\n\t\n\t\t\t<\/div>\n\t\t<\/div>\n\n\t\n\t\n\t<\/div>\t\t\t\t<\/div>\n\t\t\t\t<\/div>\n\t\t\t\t\t\t<\/div>\r\n\t\t\t\t\t<\/div>\r\n\t\t\t\t<\/div>\r\n\t\t\t\t\t\t<\/div>\r\n\t\t\t\t\t<\/div>\r\n\t\t\t\t<\/section>\r\n\t\t\t\t<\/div>\n\t\t","protected":false},"excerpt":{"rendered":"","protected":false},"author":1,"featured_media":0,"parent":0,"menu_order":0,"comment_status":"closed","ping_status":"closed","template":"","meta":{"footnotes":""},"class_list":["post-4390","page","type-page","status-publish","hentry"],"_links":{"self":[{"href":"https:\/\/www.coeltec.com.ec\/construccion\/wp-json\/wp\/v2\/pages\/4390","targetHints":{"allow":["GET"]}}],"collection":[{"href":"https:\/\/www.coeltec.com.ec\/construccion\/wp-json\/wp\/v2\/pages"}],"about":[{"href":"https:\/\/www.coeltec.com.ec\/construccion\/wp-json\/wp\/v2\/types\/page"}],"author":[{"embeddable":true,"href":"https:\/\/www.coeltec.com.ec\/construccion\/wp-json\/wp\/v2\/users\/1"}],"replies":[{"embeddable":true,"href":"https:\/\/www.coeltec.com.ec\/construccion\/wp-json\/wp\/v2\/comments?post=4390"}],"version-history":[{"count":5,"href":"https:\/\/www.coeltec.com.ec\/construccion\/wp-json\/wp\/v2\/pages\/4390\/revisions"}],"predecessor-version":[{"id":4413,"href":"https:\/\/www.coeltec.com.ec\/construccion\/wp-json\/wp\/v2\/pages\/4390\/revisions\/4413"}],"wp:attachment":[{"href":"https:\/\/www.coeltec.com.ec\/construccion\/wp-json\/wp\/v2\/media?parent=4390"}],"curies":[{"name":"wp","href":"https:\/\/api.w.org\/{rel}","templated":true}]}}