{"id":3853,"date":"2021-07-07T22:41:27","date_gmt":"2021-07-07T22:41:27","guid":{"rendered":"https:\/\/viamatica.me\/clientes\/coeltec\/construccion\/?page_id=3853"},"modified":"2021-07-13T20:37:51","modified_gmt":"2021-07-13T20:37:51","slug":"calibracion-y-comisionamiento","status":"publish","type":"page","link":"https:\/\/www.coeltec.com.ec\/construccion\/calibracion-y-comisionamiento\/","title":{"rendered":"Calibraci\u00f3n y Comisionamiento"},"content":{"rendered":"\t\t<div data-elementor-type=\"wp-page\" data-elementor-id=\"3853\" class=\"elementor elementor-3853\">\n\t\t\t\t\t\t<section class=\"elementor-section elementor-top-section elementor-element elementor-element-e039488 elementor-section-boxed elementor-section-height-default elementor-section-height-default\" data-id=\"e039488\" data-element_type=\"section\">\r\n\t\t\t\r\n\t\t\t\t\t\t\t\t\t<div class=\"elementor-container elementor-column-gap-default\">\r\n\t\t\t\t\t\t\t\t<div class=\"elementor-row\">\r\n\t\t\t\t\t\t\t<div class=\"elementor-column elementor-col-100 elementor-top-column elementor-element elementor-element-91e93a1\" data-id=\"91e93a1\" data-element_type=\"column\">\r\n\r\n\t\t\t\t\t<div class=\"elementor-column-wrap elementor-element-populated\">\r\n\t\t\t\t\t\t\t<div class=\"elementor-widget-wrap\">\r\n\t\t\t\t\t\t<div class=\"elementor-element elementor-element-72931c0 elementor-widget elementor-widget-porto_blog\" data-id=\"72931c0\" data-element_type=\"widget\" data-widget_type=\"porto_blog.default\">\n\t\t\t\t<div class=\"elementor-widget-container\">\n\t\t\t\t\t<div id=\"porto-blog-5650\" class=\"porto-blog wpb_content_element \">\t\t<div class=\"blog-posts posts-grid blog-posts-hover_info2\">\n\t\t\t<div class=\"posts-container row\">\n\t\t\n<article class=\"post post-grid col-md-6 col-lg-4 post-title-simple post-3870 post type-post status-publish format-standard has-post-thumbnail hentry category-calibracion-y-comisionamiento\">\n\n\n\t<div class=\"thumb-info thumb-info-no-borders thumb-info-bottom-info thumb-info-bottom-info-dark thumb-info-centered-icons\">\n\t\t<div class=\"thumb-info-wrapper\">\n\t\t\t<div class=\"post-image\">\n\t\t\t\t<img fetchpriority=\"high\" decoding=\"async\" width=\"400\" height=\"300\" src=\"https:\/\/www.coeltec.com.ec\/construccion\/wp-content\/uploads\/sites\/3\/2021\/07\/equipos-de-calibracion-400x300.jpg\" alt=\"\" \/>\n\t\t\t<\/div>\n\t\t\t\t\t\t<div class=\"thumb-info-title\">\n\t\t\t\t\t\t\t\t\t\t\t<h3 class=\"thumb-info-inner\"><a href=\"https:\/\/www.coeltec.com.ec\/construccion\/2021\/07\/08\/equipos-de-calibracion\/\">Equipos de calibraci\u00f3n<\/a><\/h3>\n\t\t\t\t<div class=\"thumb-info-show-more-content\">\n\t\t\t\t\t<p class=\"post-excerpt\"><\/p>\t\t\t\t<\/div>\n\t\t\t\t\t\t<\/div>\n\t\t\t<span class=\"thumb-info-action\">\n\t\t\t\t<a href=\"https:\/\/www.coeltec.com.ec\/construccion\/2021\/07\/08\/equipos-de-calibracion\/\">\n\t\t\t\t\t<span class=\"thumb-info-action-icon thumb-info-action-icon-light\"><i class=\"fas fa-link text-dark\"><\/i><\/span>\n\t\t\t\t<\/a>\n\t\t\t<\/span>\n\t\t<\/div>\n\t<\/div>\n<\/article>\n\n<article class=\"post post-grid col-md-6 col-lg-4 post-title-simple post-3868 post type-post status-publish format-standard has-post-thumbnail hentry category-calibracion-y-comisionamiento\">\n\n\n\t<div class=\"thumb-info thumb-info-no-borders thumb-info-bottom-info thumb-info-bottom-info-dark thumb-info-centered-icons\">\n\t\t<div class=\"thumb-info-wrapper\">\n\t\t\t<div class=\"post-image\">\n\t\t\t\t<img decoding=\"async\" width=\"400\" height=\"300\" src=\"https:\/\/www.coeltec.com.ec\/construccion\/wp-content\/uploads\/sites\/3\/2021\/07\/conexion-a-proceso-del-instrumento-400x300.jpg\" alt=\"\" \/>\n\t\t\t<\/div>\n\t\t\t\t\t\t<div class=\"thumb-info-title\">\n\t\t\t\t\t\t\t\t\t\t\t<h3 class=\"thumb-info-inner\"><a href=\"https:\/\/www.coeltec.com.ec\/construccion\/2021\/07\/08\/conexion-a-proceso-del-instrumento\/\">Conexi\u00f3n a proceso del instrumento<\/a><\/h3>\n\t\t\t\t<div class=\"thumb-info-show-more-content\">\n\t\t\t\t\t<p class=\"post-excerpt\"><\/p>\t\t\t\t<\/div>\n\t\t\t\t\t\t<\/div>\n\t\t\t<span class=\"thumb-info-action\">\n\t\t\t\t<a href=\"https:\/\/www.coeltec.com.ec\/construccion\/2021\/07\/08\/conexion-a-proceso-del-instrumento\/\">\n\t\t\t\t\t<span class=\"thumb-info-action-icon thumb-info-action-icon-light\"><i class=\"fas fa-link text-dark\"><\/i><\/span>\n\t\t\t\t<\/a>\n\t\t\t<\/span>\n\t\t<\/div>\n\t<\/div>\n<\/article>\n\n<article class=\"post post-grid col-md-6 col-lg-4 post-title-simple post-3865 post type-post status-publish format-standard has-post-thumbnail hentry category-calibracion-y-comisionamiento\">\n\n\n\t<div class=\"thumb-info thumb-info-no-borders thumb-info-bottom-info thumb-info-bottom-info-dark thumb-info-centered-icons\">\n\t\t<div class=\"thumb-info-wrapper\">\n\t\t\t<div class=\"post-image\">\n\t\t\t\t<img decoding=\"async\" width=\"400\" height=\"300\" src=\"https:\/\/www.coeltec.com.ec\/construccion\/wp-content\/uploads\/sites\/3\/2021\/07\/equipos-de-medicion-400x300.jpg\" alt=\"\" \/>\n\t\t\t<\/div>\n\t\t\t\t\t\t<div class=\"thumb-info-title\">\n\t\t\t\t\t\t\t\t\t\t\t<h3 class=\"thumb-info-inner\"><a href=\"https:\/\/www.coeltec.com.ec\/construccion\/2021\/07\/08\/equipos-de-medicion\/\">Equipos de Medici\u00f3n<\/a><\/h3>\n\t\t\t\t<div class=\"thumb-info-show-more-content\">\n\t\t\t\t\t<p class=\"post-excerpt\"><\/p>\t\t\t\t<\/div>\n\t\t\t\t\t\t<\/div>\n\t\t\t<span class=\"thumb-info-action\">\n\t\t\t\t<a href=\"https:\/\/www.coeltec.com.ec\/construccion\/2021\/07\/08\/equipos-de-medicion\/\">\n\t\t\t\t\t<span class=\"thumb-info-action-icon thumb-info-action-icon-light\"><i class=\"fas fa-link text-dark\"><\/i><\/span>\n\t\t\t\t<\/a>\n\t\t\t<\/span>\n\t\t<\/div>\n\t<\/div>\n<\/article>\n\n<article class=\"post post-grid col-md-6 col-lg-4 post-title-simple post-3862 post type-post status-publish format-standard has-post-thumbnail hentry category-calibracion-y-comisionamiento\">\n\n\n\t<div class=\"thumb-info thumb-info-no-borders thumb-info-bottom-info thumb-info-bottom-info-dark thumb-info-centered-icons\">\n\t\t<div class=\"thumb-info-wrapper\">\n\t\t\t<div class=\"post-image\">\n\t\t\t\t<img loading=\"lazy\" decoding=\"async\" width=\"400\" height=\"300\" src=\"https:\/\/www.coeltec.com.ec\/construccion\/wp-content\/uploads\/sites\/3\/2021\/07\/calibracion-de-rele-de-proteccion-400x300.jpg\" alt=\"\" \/>\n\t\t\t<\/div>\n\t\t\t\t\t\t<div class=\"thumb-info-title\">\n\t\t\t\t\t\t\t\t\t\t\t<h3 class=\"thumb-info-inner\"><a href=\"https:\/\/www.coeltec.com.ec\/construccion\/2021\/07\/08\/calibracion-de-rele-de-proteccion\/\">Calibraci\u00f3n de Rel\u00e9 de Protecci\u00f3n<\/a><\/h3>\n\t\t\t\t<div class=\"thumb-info-show-more-content\">\n\t\t\t\t\t<p class=\"post-excerpt\"><\/p>\t\t\t\t<\/div>\n\t\t\t\t\t\t<\/div>\n\t\t\t<span class=\"thumb-info-action\">\n\t\t\t\t<a href=\"https:\/\/www.coeltec.com.ec\/construccion\/2021\/07\/08\/calibracion-de-rele-de-proteccion\/\">\n\t\t\t\t\t<span class=\"thumb-info-action-icon thumb-info-action-icon-light\"><i class=\"fas fa-link text-dark\"><\/i><\/span>\n\t\t\t\t<\/a>\n\t\t\t<\/span>\n\t\t<\/div>\n\t<\/div>\n<\/article>\n\n<article class=\"post post-grid col-md-6 col-lg-4 post-title-simple post-3858 post type-post status-publish format-standard has-post-thumbnail hentry category-calibracion-y-comisionamiento\">\n\n\n\t<div class=\"thumb-info thumb-info-no-borders thumb-info-bottom-info thumb-info-bottom-info-dark thumb-info-centered-icons\">\n\t\t<div class=\"thumb-info-wrapper\">\n\t\t\t<div class=\"post-image\">\n\t\t\t\t<img loading=\"lazy\" decoding=\"async\" width=\"400\" height=\"300\" src=\"https:\/\/www.coeltec.com.ec\/construccion\/wp-content\/uploads\/sites\/3\/2021\/07\/calibracion-de-instrumentos-400x300.jpg\" alt=\"\" \/>\n\t\t\t<\/div>\n\t\t\t\t\t\t<div class=\"thumb-info-title\">\n\t\t\t\t\t\t\t\t\t\t\t<h3 class=\"thumb-info-inner\"><a href=\"https:\/\/www.coeltec.com.ec\/construccion\/2021\/07\/08\/calibracion-de-instrumentos\/\">Calibraci\u00f3n de Instrumentos<\/a><\/h3>\n\t\t\t\t<div class=\"thumb-info-show-more-content\">\n\t\t\t\t\t<p class=\"post-excerpt\"><\/p>\t\t\t\t<\/div>\n\t\t\t\t\t\t<\/div>\n\t\t\t<span class=\"thumb-info-action\">\n\t\t\t\t<a href=\"https:\/\/www.coeltec.com.ec\/construccion\/2021\/07\/08\/calibracion-de-instrumentos\/\">\n\t\t\t\t\t<span class=\"thumb-info-action-icon thumb-info-action-icon-light\"><i class=\"fas fa-link text-dark\"><\/i><\/span>\n\t\t\t\t<\/a>\n\t\t\t<\/span>\n\t\t<\/div>\n\t<\/div>\n<\/article>\n\n<article class=\"post post-grid col-md-6 col-lg-4 post-title-simple post-3726 post type-post status-publish format-standard has-post-thumbnail hentry category-calibracion-y-comisionamiento\">\n\n\n\t<div class=\"thumb-info thumb-info-no-borders thumb-info-bottom-info thumb-info-bottom-info-dark thumb-info-centered-icons\">\n\t\t<div class=\"thumb-info-wrapper\">\n\t\t\t<div class=\"post-image\">\n\t\t\t\t<img loading=\"lazy\" decoding=\"async\" width=\"400\" height=\"300\" src=\"https:\/\/www.coeltec.com.ec\/construccion\/wp-content\/uploads\/sites\/3\/2021\/06\/comisionado-variador-de-frecuencia-400x300.jpg\" alt=\"\" \/>\n\t\t\t<\/div>\n\t\t\t\t\t\t<div class=\"thumb-info-title\">\n\t\t\t\t\t\t\t\t\t\t\t<h3 class=\"thumb-info-inner\"><a href=\"https:\/\/www.coeltec.com.ec\/construccion\/2021\/06\/25\/comisionado-variador-de-frecuencia\/\">Comisionado Variador de Frecuencia<\/a><\/h3>\n\t\t\t\t<div class=\"thumb-info-show-more-content\">\n\t\t\t\t\t<p class=\"post-excerpt\"><\/p>\t\t\t\t<\/div>\n\t\t\t\t\t\t<\/div>\n\t\t\t<span class=\"thumb-info-action\">\n\t\t\t\t<a href=\"https:\/\/www.coeltec.com.ec\/construccion\/2021\/06\/25\/comisionado-variador-de-frecuencia\/\">\n\t\t\t\t\t<span class=\"thumb-info-action-icon thumb-info-action-icon-light\"><i class=\"fas fa-link text-dark\"><\/i><\/span>\n\t\t\t\t<\/a>\n\t\t\t<\/span>\n\t\t<\/div>\n\t<\/div>\n<\/article>\n\n\t\n\t\t\t<\/div>\n\t\t<\/div>\n\n\t\n\t\n\t<\/div>\t\t\t\t<\/div>\n\t\t\t\t<\/div>\n\t\t\t\t\t\t<\/div>\r\n\t\t\t\t\t<\/div>\r\n\t\t\t\t<\/div>\r\n\t\t\t\t\t\t<\/div>\r\n\t\t\t\t\t<\/div>\r\n\t\t\t\t<\/section>\r\n\t\t\t\t<\/div>\n\t\t","protected":false},"excerpt":{"rendered":"<p>Equipos de calibraci\u00f3n Conexi\u00f3n a proceso del instrumento Equipos de Medici\u00f3n Calibraci\u00f3n de Rel\u00e9 de Protecci\u00f3n Calibraci\u00f3n de Instrumentos Comisionado Variador de Frecuencia<\/p>\n","protected":false},"author":1,"featured_media":0,"parent":0,"menu_order":0,"comment_status":"closed","ping_status":"closed","template":"","meta":{"footnotes":""},"class_list":["post-3853","page","type-page","status-publish","hentry"],"_links":{"self":[{"href":"https:\/\/www.coeltec.com.ec\/construccion\/wp-json\/wp\/v2\/pages\/3853","targetHints":{"allow":["GET"]}}],"collection":[{"href":"https:\/\/www.coeltec.com.ec\/construccion\/wp-json\/wp\/v2\/pages"}],"about":[{"href":"https:\/\/www.coeltec.com.ec\/construccion\/wp-json\/wp\/v2\/types\/page"}],"author":[{"embeddable":true,"href":"https:\/\/www.coeltec.com.ec\/construccion\/wp-json\/wp\/v2\/users\/1"}],"replies":[{"embeddable":true,"href":"https:\/\/www.coeltec.com.ec\/construccion\/wp-json\/wp\/v2\/comments?post=3853"}],"version-history":[{"count":7,"href":"https:\/\/www.coeltec.com.ec\/construccion\/wp-json\/wp\/v2\/pages\/3853\/revisions"}],"predecessor-version":[{"id":4338,"href":"https:\/\/www.coeltec.com.ec\/construccion\/wp-json\/wp\/v2\/pages\/3853\/revisions\/4338"}],"wp:attachment":[{"href":"https:\/\/www.coeltec.com.ec\/construccion\/wp-json\/wp\/v2\/media?parent=3853"}],"curies":[{"name":"wp","href":"https:\/\/api.w.org\/{rel}","templated":true}]}}