{"id":3843,"date":"2021-07-07T22:22:52","date_gmt":"2021-07-07T22:22:52","guid":{"rendered":"https:\/\/viamatica.me\/clientes\/coeltec\/construccion\/?page_id=3843"},"modified":"2021-07-08T19:42:40","modified_gmt":"2021-07-08T19:42:40","slug":"ingenieria","status":"publish","type":"page","link":"https:\/\/www.coeltec.com.ec\/construccion\/ingenieria\/","title":{"rendered":"Ingenier\u00eda"},"content":{"rendered":"\t\t<div data-elementor-type=\"wp-page\" data-elementor-id=\"3843\" class=\"elementor elementor-3843\">\n\t\t\t\t\t\t<section class=\"elementor-section elementor-top-section elementor-element elementor-element-e039488 elementor-section-boxed elementor-section-height-default elementor-section-height-default\" data-id=\"e039488\" data-element_type=\"section\">\r\n\t\t\t\r\n\t\t\t\t\t\t\t\t\t<div class=\"elementor-container elementor-column-gap-default\">\r\n\t\t\t\t\t\t\t\t<div class=\"elementor-row\">\r\n\t\t\t\t\t\t\t<div class=\"elementor-column elementor-col-100 elementor-top-column elementor-element elementor-element-91e93a1\" data-id=\"91e93a1\" data-element_type=\"column\">\r\n\r\n\t\t\t\t\t<div class=\"elementor-column-wrap elementor-element-populated\">\r\n\t\t\t\t\t\t\t<div class=\"elementor-widget-wrap\">\r\n\t\t\t\t\t\t<div class=\"elementor-element elementor-element-72931c0 elementor-widget elementor-widget-porto_blog\" data-id=\"72931c0\" data-element_type=\"widget\" data-widget_type=\"porto_blog.default\">\n\t\t\t\t<div class=\"elementor-widget-container\">\n\t\t\t\t\t<div id=\"porto-blog-4009\" class=\"porto-blog wpb_content_element \">\t\t<div class=\"blog-posts posts-grid blog-posts-hover_info2\">\n\t\t\t<div class=\"posts-container row\">\n\t\t\n<article class=\"post post-grid col-md-6 col-lg-4 post-title-simple post-3718 post type-post status-publish format-standard has-post-thumbnail hentry category-ingenieria\">\n\n\n\t<div class=\"thumb-info thumb-info-no-borders thumb-info-bottom-info thumb-info-bottom-info-dark thumb-info-centered-icons\">\n\t\t<div class=\"thumb-info-wrapper\">\n\t\t\t<div class=\"post-image\">\n\t\t\t\t<img fetchpriority=\"high\" decoding=\"async\" width=\"400\" height=\"300\" src=\"https:\/\/www.coeltec.com.ec\/construccion\/wp-content\/uploads\/sites\/3\/2021\/06\/subestacion-cocacola-01-400x300.jpg\" alt=\"\" \/>\n\t\t\t<\/div>\n\t\t\t\t\t\t<div class=\"thumb-info-title\">\n\t\t\t\t\t\t\t\t\t\t\t<h3 class=\"thumb-info-inner\"><a href=\"https:\/\/www.coeltec.com.ec\/construccion\/2021\/06\/25\/subestacion-coca-cola\/\">Subestaci\u00f3n Coca Cola<\/a><\/h3>\n\t\t\t\t<div class=\"thumb-info-show-more-content\">\n\t\t\t\t\t<p class=\"post-excerpt\">Por pedio de CNEL EP Guayaquil a la Planta Guayaquil de Arca Continental ubicad en la Av JuanTanca Marengo Km 4.5, para la regulaci\u00f3n el\u00e9ctrica por parte del ARCONEL, se realiz\u00f3 el dise\u00f1o del cuadro en 69Kv que consta de una entrada y una salida.\nGaler\u00eda de fotos\n\n\n\nAnterior\nSiguiente<\/p>\t\t\t\t<\/div>\n\t\t\t\t\t\t<\/div>\n\t\t\t<span class=\"thumb-info-action\">\n\t\t\t\t<a href=\"https:\/\/www.coeltec.com.ec\/construccion\/2021\/06\/25\/subestacion-coca-cola\/\">\n\t\t\t\t\t<span class=\"thumb-info-action-icon thumb-info-action-icon-light\"><i class=\"fas fa-link text-dark\"><\/i><\/span>\n\t\t\t\t<\/a>\n\t\t\t<\/span>\n\t\t<\/div>\n\t<\/div>\n<\/article>\n\n<article class=\"post post-grid col-md-6 col-lg-4 post-title-simple post-3711 post type-post status-publish format-standard has-post-thumbnail hentry category-ingenieria\">\n\n\n\t<div class=\"thumb-info thumb-info-no-borders thumb-info-bottom-info thumb-info-bottom-info-dark thumb-info-centered-icons\">\n\t\t<div class=\"thumb-info-wrapper\">\n\t\t\t<div class=\"post-image\">\n\t\t\t\t<img decoding=\"async\" width=\"400\" height=\"300\" src=\"https:\/\/www.coeltec.com.ec\/construccion\/wp-content\/uploads\/sites\/3\/2021\/06\/diseno-planta-toni-01-400x300.jpg\" alt=\"\" \/>\n\t\t\t<\/div>\n\t\t\t\t\t\t<div class=\"thumb-info-title\">\n\t\t\t\t\t\t\t\t\t\t\t<h3 class=\"thumb-info-inner\"><a href=\"https:\/\/www.coeltec.com.ec\/construccion\/2021\/06\/25\/diseno-planta-toni\/\">Dise\u00f1o Planta Toni<\/a><\/h3>\n\t\t\t\t<div class=\"thumb-info-show-more-content\">\n\t\t\t\t\t<p class=\"post-excerpt\">La nueva Planta de Productos L\u00e1cteos Toni tiene un \u00e1rea aproximada de 31.331 m2, con una demanda aproximada de 8.5mW cuando este al 100% de su funcionamiento, por lo cual en el dise\u00f1o se contempl\u00f3 desde la subestaci\u00f3n estaci\u00f3n en 69KV, redes de alimentadores principales subterr\u00e1neas en Media tensi\u00f3n,...<\/p>\t\t\t\t<\/div>\n\t\t\t\t\t\t<\/div>\n\t\t\t<span class=\"thumb-info-action\">\n\t\t\t\t<a href=\"https:\/\/www.coeltec.com.ec\/construccion\/2021\/06\/25\/diseno-planta-toni\/\">\n\t\t\t\t\t<span class=\"thumb-info-action-icon thumb-info-action-icon-light\"><i class=\"fas fa-link text-dark\"><\/i><\/span>\n\t\t\t\t<\/a>\n\t\t\t<\/span>\n\t\t<\/div>\n\t<\/div>\n<\/article>\n\n<article class=\"post post-grid col-md-6 col-lg-4 post-title-simple post-3688 post type-post status-publish format-standard has-post-thumbnail hentry category-ingenieria\">\n\n\n\t<div class=\"thumb-info thumb-info-no-borders thumb-info-bottom-info thumb-info-bottom-info-dark thumb-info-centered-icons\">\n\t\t<div class=\"thumb-info-wrapper\">\n\t\t\t<div class=\"post-image\">\n\t\t\t\t<img decoding=\"async\" width=\"400\" height=\"300\" src=\"https:\/\/www.coeltec.com.ec\/construccion\/wp-content\/uploads\/sites\/3\/2021\/06\/rosado-el-dorado-01-400x300.jpg\" alt=\"\" \/>\n\t\t\t<\/div>\n\t\t\t\t\t\t<div class=\"thumb-info-title\">\n\t\t\t\t\t\t\t\t\t\t\t<h3 class=\"thumb-info-inner\"><a href=\"https:\/\/www.coeltec.com.ec\/construccion\/2021\/06\/25\/corporacion-el-rosado-c-c-el-dorado\/\">Corporaci\u00f3n El Rosado  &#8211; C.C. El Dorado<\/a><\/h3>\n\t\t\t\t<div class=\"thumb-info-show-more-content\">\n\t\t\t\t\t<p class=\"post-excerpt\">El centro comercial Rio centro El Dorado tiene un \u00e1rea aproximada de 400.054 m2, con una demanda aproximada de 27.65mW cuando este al 100% de su funcionamiento, por lo cual en el dise\u00f1o se contempl\u00f3 desde la subestaci\u00f3n estaci\u00f3n en 69KV, sistema electr\u00f3geno de emergencia para el centro comercial...<\/p>\t\t\t\t<\/div>\n\t\t\t\t\t\t<\/div>\n\t\t\t<span class=\"thumb-info-action\">\n\t\t\t\t<a href=\"https:\/\/www.coeltec.com.ec\/construccion\/2021\/06\/25\/corporacion-el-rosado-c-c-el-dorado\/\">\n\t\t\t\t\t<span class=\"thumb-info-action-icon thumb-info-action-icon-light\"><i class=\"fas fa-link text-dark\"><\/i><\/span>\n\t\t\t\t<\/a>\n\t\t\t<\/span>\n\t\t<\/div>\n\t<\/div>\n<\/article>\n\n\t\n\t\t\t<\/div>\n\t\t<\/div>\n\n\t\n\t\n\t<\/div>\t\t\t\t<\/div>\n\t\t\t\t<\/div>\n\t\t\t\t\t\t<\/div>\r\n\t\t\t\t\t<\/div>\r\n\t\t\t\t<\/div>\r\n\t\t\t\t\t\t<\/div>\r\n\t\t\t\t\t<\/div>\r\n\t\t\t\t<\/section>\r\n\t\t\t\t<\/div>\n\t\t","protected":false},"excerpt":{"rendered":"<p>Subestaci\u00f3n Coca Cola Por pedio de CNEL EP Guayaquil a la Planta Guayaquil de Arca Continental ubicad en la Av JuanTanca Marengo Km 4.5, para la regulaci\u00f3n el\u00e9ctrica por parte del ARCONEL, se realiz\u00f3 el dise\u00f1o del cuadro en 69Kv que consta de una entrada y una salida.Galer\u00eda de fotos Anterior Siguiente Dise\u00f1o Planta Toni [&hellip;]<\/p>\n","protected":false},"author":1,"featured_media":0,"parent":0,"menu_order":0,"comment_status":"closed","ping_status":"closed","template":"","meta":{"footnotes":""},"class_list":["post-3843","page","type-page","status-publish","hentry"],"_links":{"self":[{"href":"https:\/\/www.coeltec.com.ec\/construccion\/wp-json\/wp\/v2\/pages\/3843","targetHints":{"allow":["GET"]}}],"collection":[{"href":"https:\/\/www.coeltec.com.ec\/construccion\/wp-json\/wp\/v2\/pages"}],"about":[{"href":"https:\/\/www.coeltec.com.ec\/construccion\/wp-json\/wp\/v2\/types\/page"}],"author":[{"embeddable":true,"href":"https:\/\/www.coeltec.com.ec\/construccion\/wp-json\/wp\/v2\/users\/1"}],"replies":[{"embeddable":true,"href":"https:\/\/www.coeltec.com.ec\/construccion\/wp-json\/wp\/v2\/comments?post=3843"}],"version-history":[{"count":5,"href":"https:\/\/www.coeltec.com.ec\/construccion\/wp-json\/wp\/v2\/pages\/3843\/revisions"}],"predecessor-version":[{"id":4335,"href":"https:\/\/www.coeltec.com.ec\/construccion\/wp-json\/wp\/v2\/pages\/3843\/revisions\/4335"}],"wp:attachment":[{"href":"https:\/\/www.coeltec.com.ec\/construccion\/wp-json\/wp\/v2\/media?parent=3843"}],"curies":[{"name":"wp","href":"https:\/\/api.w.org\/{rel}","templated":true}]}}